{"id":78,"date":"2022-12-31T20:51:40","date_gmt":"2022-12-31T19:51:40","guid":{"rendered":"https:\/\/continuum-group.fr\/?page_id=78"},"modified":"2023-03-19T19:12:16","modified_gmt":"2023-03-19T18:12:16","slug":"about","status":"publish","type":"page","link":"https:\/\/continuum-group.fr\/?page_id=78","title":{"rendered":"QUI SOMMES NOUS"},"content":{"rendered":"\t\t<div data-elementor-type=\"wp-page\" data-elementor-id=\"78\" class=\"elementor elementor-78\" data-elementor-post-type=\"page\">\n\t\t\t\t<div class=\"elementor-element elementor-element-69390b1d e-con-full e-flex e-con e-parent\" data-id=\"69390b1d\" data-element_type=\"container\">\n\t\t<div class=\"elementor-element elementor-element-50a3260c e-con-full e-flex e-con e-parent\" data-id=\"50a3260c\" data-element_type=\"container\">\n\t\t\t\t<div class=\"elementor-element elementor-element-8a13552 elementor-widget elementor-widget-heading\" data-id=\"8a13552\" data-element_type=\"widget\" data-widget_type=\"heading.default\">\n\t\t\t\t<div class=\"elementor-widget-container\">\n\t\t\t\t\t<h1 class=\"elementor-heading-title elementor-size-default\">Notre Groupe<\/h1>\t\t\t\t<\/div>\n\t\t\t\t<\/div>\n\t\t\t\t<div class=\"elementor-element elementor-element-3329a861 elementor-widget elementor-widget-text-editor\" data-id=\"3329a861\" data-element_type=\"widget\" data-widget_type=\"text-editor.default\">\n\t\t\t\t<div class=\"elementor-widget-container\">\n\t\t\t\t\t\t\t\t\t<p>Le Groupe Continuum est une \u00e9quipe d&rsquo;ing\u00e9nieurs sp\u00e9cialis\u00e9s dans les techniques de construction et la gestion de la qualit\u00e9, de l&rsquo;hygi\u00e8ne, de la s\u00e9curit\u00e9, de l&rsquo;environnement (QHSE) et de s\u00fbret\u00e9 b\u00e2timentaire. Les membres du groupe ont acquis une exp\u00e9rience significative dans la fonction publique territoriale en tant que membres des commissions de s\u00e9curit\u00e9 et d&rsquo;accessibilit\u00e9, anciens pompiers militaires et formateurs CNPP.<\/p><p>Le Groupe Continuum est reconnu pour ses comp\u00e9tences particuli\u00e8res qui font sa singularit\u00e9 et sa force. Ses membres sont experts dans les techniques d&rsquo;optimisation de construction et de mise en s\u00e9curit\u00e9 globale des b\u00e2timents, notamment en termes de protection, de s\u00fbret\u00e9, de s\u00e9curit\u00e9 incendie et de mise en accessibilit\u00e9. Ils sont en mesure d&rsquo;assurer une parfaite synergie et coh\u00e9rence sur ces aspects, qui peuvent sembler antinomiques et qui rel\u00e8vent de r\u00e9glementations particuli\u00e8res et complexes, qu&rsquo;ils ma\u00eetrisent avec aisance.<\/p>\t\t\t\t\t\t\t\t<\/div>\n\t\t\t\t<\/div>\n\t\t\t\t<\/div>\n\t\t<div class=\"elementor-element elementor-element-45a5b860 e-con-full e-flex e-con e-parent\" data-id=\"45a5b860\" data-element_type=\"container\" data-settings=\"{&quot;background_background&quot;:&quot;classic&quot;,&quot;background_motion_fx_motion_fx_scrolling&quot;:&quot;yes&quot;,&quot;background_motion_fx_translateX_effect&quot;:&quot;yes&quot;,&quot;background_motion_fx_translateX_direction&quot;:&quot;negative&quot;,&quot;background_motion_fx_translateX_speed&quot;:{&quot;unit&quot;:&quot;px&quot;,&quot;size&quot;:4,&quot;sizes&quot;:[]},&quot;background_motion_fx_translateX_affectedRange&quot;:{&quot;unit&quot;:&quot;%&quot;,&quot;size&quot;:&quot;&quot;,&quot;sizes&quot;:{&quot;start&quot;:0,&quot;end&quot;:100}},&quot;background_motion_fx_devices&quot;:[&quot;desktop&quot;,&quot;tablet&quot;,&quot;mobile&quot;]}\">\n\t\t\t\t<\/div>\n\t\t\t\t<\/div>\n\t\t<div class=\"elementor-element elementor-element-31c87d35 e-con-full e-flex e-con e-parent\" data-id=\"31c87d35\" data-element_type=\"container\">\n\t\t<div class=\"elementor-element elementor-element-6b15d2fd e-con-full e-flex e-con e-parent\" data-id=\"6b15d2fd\" data-element_type=\"container\" data-settings=\"{&quot;background_background&quot;:&quot;classic&quot;,&quot;background_motion_fx_motion_fx_scrolling&quot;:&quot;yes&quot;,&quot;background_motion_fx_translateX_effect&quot;:&quot;yes&quot;,&quot;background_motion_fx_translateX_speed&quot;:{&quot;unit&quot;:&quot;px&quot;,&quot;size&quot;:4,&quot;sizes&quot;:[]},&quot;background_motion_fx_translateX_affectedRange&quot;:{&quot;unit&quot;:&quot;%&quot;,&quot;size&quot;:&quot;&quot;,&quot;sizes&quot;:{&quot;start&quot;:0,&quot;end&quot;:100}},&quot;background_motion_fx_devices&quot;:[&quot;desktop&quot;,&quot;tablet&quot;,&quot;mobile&quot;]}\">\n\t\t\t\t<\/div>\n\t\t<div class=\"elementor-element elementor-element-4e2c0bf0 e-con-full e-flex e-con e-parent\" data-id=\"4e2c0bf0\" data-element_type=\"container\">\n\t\t\t\t<div class=\"elementor-element elementor-element-3e22ef54 elementor-widget elementor-widget-heading\" data-id=\"3e22ef54\" data-element_type=\"widget\" data-widget_type=\"heading.default\">\n\t\t\t\t<div class=\"elementor-widget-container\">\n\t\t\t\t\t<h2 class=\"elementor-heading-title elementor-size-default\">Notre force<\/h2>\t\t\t\t<\/div>\n\t\t\t\t<\/div>\n\t\t\t\t<div class=\"elementor-element elementor-element-7f5ee012 elementor-widget elementor-widget-text-editor\" data-id=\"7f5ee012\" data-element_type=\"widget\" data-widget_type=\"text-editor.default\">\n\t\t\t\t<div class=\"elementor-widget-container\">\n\t\t\t\t\t\t\t\t\t<p>Le Groupe Continuum propose des solutions adapt\u00e9es et efficaces pour optimiser vos b\u00e2timents et projets de travaux, tout en respectant les r\u00e8gles et normes en vigueur. Les connaissances approfondies des membres en mati\u00e8re de QHSE leur permettent \u00e9galement de veiller \u00e0 la qualit\u00e9 des b\u00e2timents, \u00e0 leur hygi\u00e8ne et \u00e0 leur impact environnemental.<\/p><p>L&rsquo;\u00e9quipe d&rsquo;experts hautement qualifi\u00e9s et exp\u00e9riment\u00e9s que compose le Groupe Continuum est fi\u00e8re de proposer ses solutions globales et int\u00e9gr\u00e9es pour garantir l&rsquo;optimisation la plus performante et la plus avantageuse de votre projet.<\/p>\t\t\t\t\t\t\t\t<\/div>\n\t\t\t\t<\/div>\n\t\t\t\t<\/div>\n\t\t\t\t<\/div>\n\t\t<div class=\"elementor-element elementor-element-11bd4fe2 e-flex e-con-boxed e-con e-parent\" data-id=\"11bd4fe2\" data-element_type=\"container\" data-settings=\"{&quot;background_background&quot;:&quot;classic&quot;}\">\n\t\t\t\t\t<div class=\"e-con-inner\">\n\t\t\t\t<div class=\"elementor-element elementor-element-19153ccb elementor-widget__width-initial elementor-view-default elementor-position-top elementor-mobile-position-top elementor-widget elementor-widget-icon-box\" data-id=\"19153ccb\" data-element_type=\"widget\" data-widget_type=\"icon-box.default\">\n\t\t\t\t<div class=\"elementor-widget-container\">\n\t\t\t\t\t\t\t<div class=\"elementor-icon-box-wrapper\">\n\n\t\t\t\t\t\t<div class=\"elementor-icon-box-icon\">\n\t\t\t\t<span  class=\"elementor-icon\">\n\t\t\t\t\t\t\t\t<\/span>\n\t\t\t<\/div>\n\t\t\t\n\t\t\t\t\t\t<div class=\"elementor-icon-box-content\">\n\n\t\t\t\t\t\t\t\t\t<h3 class=\"elementor-icon-box-title\">\n\t\t\t\t\t\t<span  >\n\t\t\t\t\t\t\t\"Pour un Continuum de l'excellence : votre satisfaction est notre priorit\u00e9\" \t\t\t\t\t\t<\/span>\n\t\t\t\t\t<\/h3>\n\t\t\t\t\n\t\t\t\t\t\t\t\t\t<p class=\"elementor-icon-box-description\">\n\t\t\t\t\t\tCofondateur : Alan\t\t\t\t\t<\/p>\n\t\t\t\t\n\t\t\t<\/div>\n\t\t\t\n\t\t<\/div>\n\t\t\t\t\t\t<\/div>\n\t\t\t\t<\/div>\n\t\t\t\t\t<\/div>\n\t\t\t\t<\/div>\n\t\t<div class=\"elementor-element elementor-element-15b9517 e-con-full e-flex e-con e-parent\" data-id=\"15b9517\" data-element_type=\"container\" data-settings=\"{&quot;background_background&quot;:&quot;classic&quot;}\">\n\t\t<div class=\"elementor-element elementor-element-d874d90 e-con-full e-flex e-con e-parent\" data-id=\"d874d90\" data-element_type=\"container\" data-settings=\"{&quot;background_background&quot;:&quot;classic&quot;}\">\n\t\t\t\t<div class=\"elementor-element elementor-element-2fb201c elementor-widget__width-initial elementor-button-align-stretch elementor-widget elementor-widget-form\" data-id=\"2fb201c\" data-element_type=\"widget\" data-settings=\"{&quot;step_next_label&quot;:&quot;Suivant&quot;,&quot;step_previous_label&quot;:&quot;Pr\\u00e9c\\u00e9dent&quot;,&quot;button_width&quot;:&quot;100&quot;,&quot;step_type&quot;:&quot;number_text&quot;,&quot;step_icon_shape&quot;:&quot;circle&quot;}\" data-widget_type=\"form.default\">\n\t\t\t\t<div class=\"elementor-widget-container\">\n\t\t\t\t\t\t\t<form class=\"elementor-form\" method=\"post\" name=\"Nouveau formulaire\">\n\t\t\t<input type=\"hidden\" name=\"post_id\" value=\"78\"\/>\n\t\t\t<input type=\"hidden\" name=\"form_id\" value=\"2fb201c\"\/>\n\t\t\t<input type=\"hidden\" name=\"referer_title\" value=\"continuum-group.fr\" \/>\n\n\t\t\t\n\t\t\t<div class=\"elementor-form-fields-wrapper elementor-labels-\">\n\t\t\t\t\t\t\t\t<div class=\"elementor-field-type-text elementor-field-group elementor-column elementor-field-group-name elementor-col-100\">\n\t\t\t\t\t\t\t\t\t\t\t\t<label for=\"form-field-name\" class=\"elementor-field-label elementor-screen-only\">\n\t\t\t\t\t\t\t\tNom\t\t\t\t\t\t\t<\/label>\n\t\t\t\t\t\t\t\t\t\t\t\t\t\t<input size=\"1\" type=\"text\" name=\"form_fields[name]\" id=\"form-field-name\" class=\"elementor-field elementor-size-sm  elementor-field-textual\" placeholder=\"Nom\">\n\t\t\t\t\t\t\t\t\t\t\t<\/div>\n\t\t\t\t\t\t\t\t<div class=\"elementor-field-type-email elementor-field-group elementor-column elementor-field-group-email elementor-col-100 elementor-field-required\">\n\t\t\t\t\t\t\t\t\t\t\t\t<label for=\"form-field-email\" class=\"elementor-field-label elementor-screen-only\">\n\t\t\t\t\t\t\t\tE-mail\t\t\t\t\t\t\t<\/label>\n\t\t\t\t\t\t\t\t\t\t\t\t\t\t<input size=\"1\" type=\"email\" name=\"form_fields[email]\" id=\"form-field-email\" class=\"elementor-field elementor-size-sm  elementor-field-textual\" placeholder=\"E-mail\" required=\"required\" aria-required=\"true\">\n\t\t\t\t\t\t\t\t\t\t\t<\/div>\n\t\t\t\t\t\t\t\t<div class=\"elementor-field-type-textarea elementor-field-group elementor-column elementor-field-group-message elementor-col-100\">\n\t\t\t\t\t\t\t\t\t\t\t\t<label for=\"form-field-message\" class=\"elementor-field-label elementor-screen-only\">\n\t\t\t\t\t\t\t\tMessage\t\t\t\t\t\t\t<\/label>\n\t\t\t\t\t\t<textarea class=\"elementor-field-textual elementor-field  elementor-size-sm\" name=\"form_fields[message]\" id=\"form-field-message\" rows=\"4\" placeholder=\"Message\"><\/textarea>\t\t\t\t<\/div>\n\t\t\t\t\t\t\t\t<div class=\"elementor-field-group elementor-column elementor-field-type-submit elementor-col-100 e-form__buttons\">\n\t\t\t\t\t<button type=\"submit\" class=\"elementor-button elementor-size-sm elementor-animation-grow\">\n\t\t\t\t\t\t<span >\n\t\t\t\t\t\t\t\t\t\t\t\t\t\t\t<span class=\" elementor-button-icon\">\n\t\t\t\t\t\t\t\t\t\t\t\t\t\t\t\t\t\t\t\t\t\t\t\t\t\t<\/span>\n\t\t\t\t\t\t\t\t\t\t\t\t\t\t\t\t\t\t\t\t\t\t<span class=\"elementor-button-text\">Envoyer<\/span>\n\t\t\t\t\t\t\t\t\t\t\t\t\t<\/span>\n\t\t\t\t\t<\/button>\n\t\t\t\t<\/div>\n\t\t\t<\/div>\n\t\t<\/form>\n\t\t\t\t\t\t<\/div>\n\t\t\t\t<\/div>\n\t\t\t\t<\/div>\n\t\t<div class=\"elementor-element elementor-element-ec82e03 e-con-full e-flex e-con e-parent\" data-id=\"ec82e03\" data-element_type=\"container\" data-settings=\"{&quot;background_background&quot;:&quot;classic&quot;}\">\n\t\t\t\t<div class=\"elementor-element elementor-element-f165e46 elementor-widget elementor-widget-text-editor\" data-id=\"f165e46\" data-element_type=\"widget\" data-widget_type=\"text-editor.default\">\n\t\t\t\t<div class=\"elementor-widget-container\">\n\t\t\t\t\t\t\t\t\t<p>Une question, une id\u00e9e, un projet<\/p><p>contactez nous !<\/p>\t\t\t\t\t\t\t\t<\/div>\n\t\t\t\t<\/div>\n\t\t\t\t<\/div>\n\t\t\t\t<\/div>\n\t\t\t\t<\/div>\n\t\t","protected":false},"excerpt":{"rendered":"<p>Notre Groupe Le Groupe Continuum est une \u00e9quipe d&rsquo;ing\u00e9nieurs sp\u00e9cialis\u00e9s dans les techniques de construction et la gestion de la qualit\u00e9, de l&rsquo;hygi\u00e8ne, de la s\u00e9curit\u00e9, de l&rsquo;environnement (QHSE) et de s\u00fbret\u00e9 b\u00e2timentaire. Les membres du groupe ont acquis une exp\u00e9rience significative dans la fonction publique territoriale en tant que membres des commissions de s\u00e9curit\u00e9 [&hellip;]<\/p>\n","protected":false},"author":1,"featured_media":0,"parent":0,"menu_order":0,"comment_status":"closed","ping_status":"closed","template":"elementor_header_footer","meta":{"footnotes":""},"class_list":["post-78","page","type-page","status-publish","hentry"],"aioseo_notices":[],"yoast_head":"<!-- This site is optimized with the Yoast SEO plugin v24.6 - https:\/\/yoast.com\/wordpress\/plugins\/seo\/ -->\n<title>QUI SOMMES NOUS - continuum-group.fr<\/title>\n<meta name=\"robots\" content=\"index, follow, max-snippet:-1, max-image-preview:large, max-video-preview:-1\" \/>\n<link rel=\"canonical\" href=\"https:\/\/continuum-group.fr\/?page_id=78\" \/>\n<meta property=\"og:locale\" content=\"fr_FR\" \/>\n<meta property=\"og:type\" content=\"article\" \/>\n<meta property=\"og:title\" content=\"QUI SOMMES NOUS - continuum-group.fr\" \/>\n<meta property=\"og:description\" content=\"Notre Groupe Le Groupe Continuum est une \u00e9quipe d&rsquo;ing\u00e9nieurs sp\u00e9cialis\u00e9s dans les techniques de construction et la gestion de la qualit\u00e9, de l&rsquo;hygi\u00e8ne, de la s\u00e9curit\u00e9, de l&rsquo;environnement (QHSE) et de s\u00fbret\u00e9 b\u00e2timentaire. Les membres du groupe ont acquis une exp\u00e9rience significative dans la fonction publique territoriale en tant que membres des commissions de s\u00e9curit\u00e9 [&hellip;]\" \/>\n<meta property=\"og:url\" content=\"https:\/\/continuum-group.fr\/?page_id=78\" \/>\n<meta property=\"og:site_name\" content=\"continuum-group.fr\" \/>\n<meta property=\"article:modified_time\" content=\"2023-03-19T18:12:16+00:00\" \/>\n<meta property=\"og:image\" content=\"https:\/\/continuum-group.fr\/wp-content\/uploads\/2023\/03\/LOGO-1200p.jpg\" \/>\n\t<meta property=\"og:image:width\" content=\"1200\" \/>\n\t<meta property=\"og:image:height\" content=\"1200\" \/>\n\t<meta property=\"og:image:type\" content=\"image\/jpeg\" \/>\n<meta name=\"twitter:card\" content=\"summary_large_image\" \/>\n<meta name=\"twitter:label1\" content=\"Dur\u00e9e de lecture estim\u00e9e\" \/>\n\t<meta name=\"twitter:data1\" content=\"1 minute\" \/>\n<script type=\"application\/ld+json\" class=\"yoast-schema-graph\">{\"@context\":\"https:\/\/schema.org\",\"@graph\":[{\"@type\":\"WebPage\",\"@id\":\"https:\/\/continuum-group.fr\/?page_id=78\",\"url\":\"https:\/\/continuum-group.fr\/?page_id=78\",\"name\":\"QUI SOMMES NOUS - continuum-group.fr\",\"isPartOf\":{\"@id\":\"https:\/\/continuum-group.fr\/#website\"},\"datePublished\":\"2022-12-31T19:51:40+00:00\",\"dateModified\":\"2023-03-19T18:12:16+00:00\",\"breadcrumb\":{\"@id\":\"https:\/\/continuum-group.fr\/?page_id=78#breadcrumb\"},\"inLanguage\":\"fr-FR\",\"potentialAction\":[{\"@type\":\"ReadAction\",\"target\":[\"https:\/\/continuum-group.fr\/?page_id=78\"]}]},{\"@type\":\"BreadcrumbList\",\"@id\":\"https:\/\/continuum-group.fr\/?page_id=78#breadcrumb\",\"itemListElement\":[{\"@type\":\"ListItem\",\"position\":1,\"name\":\"Accueil\",\"item\":\"https:\/\/continuum-group.fr\/\"},{\"@type\":\"ListItem\",\"position\":2,\"name\":\"QUI SOMMES NOUS\"}]},{\"@type\":\"WebSite\",\"@id\":\"https:\/\/continuum-group.fr\/#website\",\"url\":\"https:\/\/continuum-group.fr\/\",\"name\":\"continuum-group.fr\",\"description\":\"Assistance \u00e0 maitrise d&#039;ouvrage et optimisation de vos projets de construction\",\"publisher\":{\"@id\":\"https:\/\/continuum-group.fr\/#organization\"},\"alternateName\":\"continuum group\",\"potentialAction\":[{\"@type\":\"SearchAction\",\"target\":{\"@type\":\"EntryPoint\",\"urlTemplate\":\"https:\/\/continuum-group.fr\/?s={search_term_string}\"},\"query-input\":{\"@type\":\"PropertyValueSpecification\",\"valueRequired\":true,\"valueName\":\"search_term_string\"}}],\"inLanguage\":\"fr-FR\"},{\"@type\":\"Organization\",\"@id\":\"https:\/\/continuum-group.fr\/#organization\",\"name\":\"Groupe Continuum\",\"alternateName\":\"Continuum\",\"url\":\"https:\/\/continuum-group.fr\/\",\"logo\":{\"@type\":\"ImageObject\",\"inLanguage\":\"fr-FR\",\"@id\":\"https:\/\/continuum-group.fr\/#\/schema\/logo\/image\/\",\"url\":\"https:\/\/continuum-group.fr\/wp-content\/uploads\/2022\/12\/LOGO.png\",\"contentUrl\":\"https:\/\/continuum-group.fr\/wp-content\/uploads\/2022\/12\/LOGO.png\",\"width\":300,\"height\":300,\"caption\":\"Groupe Continuum\"},\"image\":{\"@id\":\"https:\/\/continuum-group.fr\/#\/schema\/logo\/image\/\"},\"sameAs\":[\"https:\/\/www.linkedin.com\/company\/continuum-paris\/\"]}]}<\/script>\n<!-- \/ Yoast SEO plugin. -->","yoast_head_json":{"title":"QUI SOMMES NOUS - continuum-group.fr","robots":{"index":"index","follow":"follow","max-snippet":"max-snippet:-1","max-image-preview":"max-image-preview:large","max-video-preview":"max-video-preview:-1"},"canonical":"https:\/\/continuum-group.fr\/?page_id=78","og_locale":"fr_FR","og_type":"article","og_title":"QUI SOMMES NOUS - continuum-group.fr","og_description":"Notre Groupe Le Groupe Continuum est une \u00e9quipe d&rsquo;ing\u00e9nieurs sp\u00e9cialis\u00e9s dans les techniques de construction et la gestion de la qualit\u00e9, de l&rsquo;hygi\u00e8ne, de la s\u00e9curit\u00e9, de l&rsquo;environnement (QHSE) et de s\u00fbret\u00e9 b\u00e2timentaire. Les membres du groupe ont acquis une exp\u00e9rience significative dans la fonction publique territoriale en tant que membres des commissions de s\u00e9curit\u00e9 [&hellip;]","og_url":"https:\/\/continuum-group.fr\/?page_id=78","og_site_name":"continuum-group.fr","article_modified_time":"2023-03-19T18:12:16+00:00","og_image":[{"width":1200,"height":1200,"url":"https:\/\/continuum-group.fr\/wp-content\/uploads\/2023\/03\/LOGO-1200p.jpg","type":"image\/jpeg"}],"twitter_card":"summary_large_image","twitter_misc":{"Dur\u00e9e de lecture estim\u00e9e":"1 minute"},"schema":{"@context":"https:\/\/schema.org","@graph":[{"@type":"WebPage","@id":"https:\/\/continuum-group.fr\/?page_id=78","url":"https:\/\/continuum-group.fr\/?page_id=78","name":"QUI SOMMES NOUS - continuum-group.fr","isPartOf":{"@id":"https:\/\/continuum-group.fr\/#website"},"datePublished":"2022-12-31T19:51:40+00:00","dateModified":"2023-03-19T18:12:16+00:00","breadcrumb":{"@id":"https:\/\/continuum-group.fr\/?page_id=78#breadcrumb"},"inLanguage":"fr-FR","potentialAction":[{"@type":"ReadAction","target":["https:\/\/continuum-group.fr\/?page_id=78"]}]},{"@type":"BreadcrumbList","@id":"https:\/\/continuum-group.fr\/?page_id=78#breadcrumb","itemListElement":[{"@type":"ListItem","position":1,"name":"Accueil","item":"https:\/\/continuum-group.fr\/"},{"@type":"ListItem","position":2,"name":"QUI SOMMES NOUS"}]},{"@type":"WebSite","@id":"https:\/\/continuum-group.fr\/#website","url":"https:\/\/continuum-group.fr\/","name":"continuum-group.fr","description":"Assistance \u00e0 maitrise d&#039;ouvrage et optimisation de vos projets de construction","publisher":{"@id":"https:\/\/continuum-group.fr\/#organization"},"alternateName":"continuum group","potentialAction":[{"@type":"SearchAction","target":{"@type":"EntryPoint","urlTemplate":"https:\/\/continuum-group.fr\/?s={search_term_string}"},"query-input":{"@type":"PropertyValueSpecification","valueRequired":true,"valueName":"search_term_string"}}],"inLanguage":"fr-FR"},{"@type":"Organization","@id":"https:\/\/continuum-group.fr\/#organization","name":"Groupe Continuum","alternateName":"Continuum","url":"https:\/\/continuum-group.fr\/","logo":{"@type":"ImageObject","inLanguage":"fr-FR","@id":"https:\/\/continuum-group.fr\/#\/schema\/logo\/image\/","url":"https:\/\/continuum-group.fr\/wp-content\/uploads\/2022\/12\/LOGO.png","contentUrl":"https:\/\/continuum-group.fr\/wp-content\/uploads\/2022\/12\/LOGO.png","width":300,"height":300,"caption":"Groupe Continuum"},"image":{"@id":"https:\/\/continuum-group.fr\/#\/schema\/logo\/image\/"},"sameAs":["https:\/\/www.linkedin.com\/company\/continuum-paris\/"]}]}},"_links":{"self":[{"href":"https:\/\/continuum-group.fr\/index.php?rest_route=\/wp\/v2\/pages\/78","targetHints":{"allow":["GET"]}}],"collection":[{"href":"https:\/\/continuum-group.fr\/index.php?rest_route=\/wp\/v2\/pages"}],"about":[{"href":"https:\/\/continuum-group.fr\/index.php?rest_route=\/wp\/v2\/types\/page"}],"author":[{"embeddable":true,"href":"https:\/\/continuum-group.fr\/index.php?rest_route=\/wp\/v2\/users\/1"}],"replies":[{"embeddable":true,"href":"https:\/\/continuum-group.fr\/index.php?rest_route=%2Fwp%2Fv2%2Fcomments&post=78"}],"version-history":[{"count":151,"href":"https:\/\/continuum-group.fr\/index.php?rest_route=\/wp\/v2\/pages\/78\/revisions"}],"predecessor-version":[{"id":2323,"href":"https:\/\/continuum-group.fr\/index.php?rest_route=\/wp\/v2\/pages\/78\/revisions\/2323"}],"wp:attachment":[{"href":"https:\/\/continuum-group.fr\/index.php?rest_route=%2Fwp%2Fv2%2Fmedia&parent=78"}],"curies":[{"name":"wp","href":"https:\/\/api.w.org\/{rel}","templated":true}]}}